{"id":23,"date":"2023-03-13T05:04:06","date_gmt":"2023-03-13T05:04:06","guid":{"rendered":"https:\/\/friendshipcustoms-msm.com\/?page_id=23"},"modified":"2023-03-20T10:32:25","modified_gmt":"2023-03-20T10:32:25","slug":"kryefaqja","status":"publish","type":"page","link":"https:\/\/friendshipcustoms-msm.com\/","title":{"rendered":"Kryefaqja"},"content":{"rendered":"\t\t<div data-elementor-type=\"wp-page\" data-elementor-id=\"23\" class=\"elementor elementor-23\">\n\t\t\t\t\t\t\t\t\t<section class=\"elementor-section elementor-top-section elementor-element elementor-element-cbfb64c elementor-section-boxed elementor-section-height-default elementor-section-height-default\" data-id=\"cbfb64c\" data-element_type=\"section\">\n\t\t\t\t\t\t<div class=\"elementor-container elementor-column-gap-default\">\n\t\t\t\t\t<div class=\"elementor-column elementor-col-100 elementor-top-column elementor-element elementor-element-04a385f\" data-id=\"04a385f\" data-element_type=\"column\">\n\t\t\t<div class=\"elementor-widget-wrap elementor-element-populated\">\n\t\t\t\t\t\t\t\t<div class=\"elementor-element elementor-element-87662fa elementor-widget elementor-widget-image\" data-id=\"87662fa\" data-element_type=\"widget\" data-widget_type=\"image.default\">\n\t\t\t\t<div class=\"elementor-widget-container\">\n\t\t\t<style>\/*! elementor - v3.18.0 - 20-12-2023 *\/\n.elementor-widget-image{text-align:center}.elementor-widget-image a{display:inline-block}.elementor-widget-image a img[src$=\".svg\"]{width:48px}.elementor-widget-image img{vertical-align:middle;display:inline-block}<\/style>\t\t\t\t\t\t\t\t\t\t\t\t<img fetchpriority=\"high\" decoding=\"async\" width=\"768\" height=\"768\" src=\"https:\/\/friendshipcustoms-msm.com\/wp-content\/uploads\/2023\/03\/Untitled-design-20-768x768.png\" class=\"attachment-medium_large size-medium_large wp-image-128\" alt=\"\" srcset=\"https:\/\/friendshipcustoms-msm.com\/wp-content\/uploads\/2023\/03\/Untitled-design-20-768x768.png 768w, https:\/\/friendshipcustoms-msm.com\/wp-content\/uploads\/2023\/03\/Untitled-design-20-300x300.png 300w, https:\/\/friendshipcustoms-msm.com\/wp-content\/uploads\/2023\/03\/Untitled-design-20-1024x1024.png 1024w, https:\/\/friendshipcustoms-msm.com\/wp-content\/uploads\/2023\/03\/Untitled-design-20-150x150.png 150w, https:\/\/friendshipcustoms-msm.com\/wp-content\/uploads\/2023\/03\/Untitled-design-20.png 1080w\" sizes=\"(max-width: 768px) 100vw, 768px\" \/>\t\t\t\t\t\t\t\t\t\t\t\t\t\t\t<\/div>\n\t\t\t\t<\/div>\n\t\t\t\t\t<\/div>\n\t\t<\/div>\n\t\t\t\t\t\t\t<\/div>\n\t\t<\/section>\n\t\t\t\t<section class=\"elementor-section elementor-top-section elementor-element elementor-element-221f18a elementor-section-boxed elementor-section-height-default elementor-section-height-default\" data-id=\"221f18a\" data-element_type=\"section\">\n\t\t\t\t\t\t<div class=\"elementor-container elementor-column-gap-default\">\n\t\t\t\t\t<div class=\"elementor-column elementor-col-100 elementor-top-column elementor-element elementor-element-c926fbf\" data-id=\"c926fbf\" data-element_type=\"column\">\n\t\t\t<div class=\"elementor-widget-wrap elementor-element-populated\">\n\t\t\t\t\t\t\t\t<div class=\"elementor-element elementor-element-467108e elementor-widget elementor-widget-text-editor\" data-id=\"467108e\" data-element_type=\"widget\" data-widget_type=\"text-editor.default\">\n\t\t\t\t<div class=\"elementor-widget-container\">\n\t\t\t<style>\/*! elementor - v3.18.0 - 20-12-2023 *\/\n.elementor-widget-text-editor.elementor-drop-cap-view-stacked .elementor-drop-cap{background-color:#69727d;color:#fff}.elementor-widget-text-editor.elementor-drop-cap-view-framed .elementor-drop-cap{color:#69727d;border:3px solid;background-color:transparent}.elementor-widget-text-editor:not(.elementor-drop-cap-view-default) .elementor-drop-cap{margin-top:8px}.elementor-widget-text-editor:not(.elementor-drop-cap-view-default) .elementor-drop-cap-letter{width:1em;height:1em}.elementor-widget-text-editor .elementor-drop-cap{float:left;text-align:center;line-height:1;font-size:50px}.elementor-widget-text-editor .elementor-drop-cap-letter{display:inline-block}<\/style>\t\t\t\t<p>\u201cFriendship Customs MSM\u201d lindi n\u00eb Durr\u00ebs, n\u00eb dhjetor t\u00eb vitit 2018 nga tre aksioner\u00eb t\u00eb cilat kan\u00eb qen\u00eb agjent\u00eb doganor\u00eb t\u00eb licensuar nga Drejtoria e P\u00ebrgjithshme e Doganave dhe aksioner\u00eb n\u00eb agjenci t\u00eb tjera doganore q\u00eb n\u00eb fillimet e viteve 90. P\u00ebrvoja dhe pjekuria e aksioner\u00ebve n\u00eb k\u00ebt\u00eb fush\u00eb e b\u00ebri m\u00eb t\u00eb leht\u00eb p\u00ebr agjencin\u00eb shtrirjen e aktivitetit n\u00eb rrethe.<\/p>\t\t\t\t\t\t<\/div>\n\t\t\t\t<\/div>\n\t\t\t\t\t<\/div>\n\t\t<\/div>\n\t\t\t\t\t\t\t<\/div>\n\t\t<\/section>\n\t\t\t\t<section class=\"elementor-section elementor-top-section elementor-element elementor-element-bf9050e elementor-section-boxed elementor-section-height-default elementor-section-height-default\" data-id=\"bf9050e\" data-element_type=\"section\">\n\t\t\t\t\t\t<div class=\"elementor-container elementor-column-gap-default\">\n\t\t\t\t\t<div class=\"elementor-column elementor-col-100 elementor-top-column elementor-element elementor-element-d927447\" data-id=\"d927447\" data-element_type=\"column\">\n\t\t\t<div class=\"elementor-widget-wrap elementor-element-populated\">\n\t\t\t\t\t\t\t\t<div class=\"elementor-element elementor-element-69d6334 elementor-widget elementor-widget-heading\" data-id=\"69d6334\" data-element_type=\"widget\" data-widget_type=\"heading.default\">\n\t\t\t\t<div class=\"elementor-widget-container\">\n\t\t\t<style>\/*! elementor - v3.18.0 - 20-12-2023 *\/\n.elementor-heading-title{padding:0;margin:0;line-height:1}.elementor-widget-heading .elementor-heading-title[class*=elementor-size-]>a{color:inherit;font-size:inherit;line-height:inherit}.elementor-widget-heading .elementor-heading-title.elementor-size-small{font-size:15px}.elementor-widget-heading .elementor-heading-title.elementor-size-medium{font-size:19px}.elementor-widget-heading .elementor-heading-title.elementor-size-large{font-size:29px}.elementor-widget-heading .elementor-heading-title.elementor-size-xl{font-size:39px}.elementor-widget-heading .elementor-heading-title.elementor-size-xxl{font-size:59px}<\/style><h2 class=\"elementor-heading-title elementor-size-default\">Friendship Customs ofron k\u00ebto sh\u00ebrbime:<\/h2>\t\t<\/div>\n\t\t\t\t<\/div>\n\t\t\t\t<div class=\"elementor-element elementor-element-46a2826 elementor-widget elementor-widget-text-editor\" data-id=\"46a2826\" data-element_type=\"widget\" data-widget_type=\"text-editor.default\">\n\t\t\t\t<div class=\"elementor-widget-container\">\n\t\t\t\t\t\t\t<ul><li>Import-Export<\/li><li>Sh\u00ebrbime Tranzit<\/li><li>Konsult\u00eb Doganore<\/li><li>Magazinim Doganor<\/li><li>Procedurra Doganore<\/li><\/ul>\t\t\t\t\t\t<\/div>\n\t\t\t\t<\/div>\n\t\t\t\t\t<\/div>\n\t\t<\/div>\n\t\t\t\t\t\t\t<\/div>\n\t\t<\/section>\n\t\t\t\t<section class=\"elementor-section elementor-top-section elementor-element elementor-element-44ad3cf elementor-section-boxed elementor-section-height-default elementor-section-height-default\" data-id=\"44ad3cf\" data-element_type=\"section\">\n\t\t\t\t\t\t<div class=\"elementor-container elementor-column-gap-default\">\n\t\t\t\t\t<div class=\"elementor-column elementor-col-25 elementor-top-column elementor-element elementor-element-5fab55a\" data-id=\"5fab55a\" data-element_type=\"column\">\n\t\t\t<div class=\"elementor-widget-wrap elementor-element-populated\">\n\t\t\t\t\t\t\t\t<div class=\"elementor-element elementor-element-9d6d72c elementor-widget elementor-widget-image\" data-id=\"9d6d72c\" data-element_type=\"widget\" data-widget_type=\"image.default\">\n\t\t\t\t<div class=\"elementor-widget-container\">\n\t\t\t\t\t\t\t\t\t\t\t\t\t\t\t<img decoding=\"async\" width=\"300\" height=\"300\" src=\"https:\/\/friendshipcustoms-msm.com\/wp-content\/uploads\/2023\/03\/Untitled-design-21-300x300.png\" class=\"attachment-medium size-medium wp-image-211\" alt=\"\" srcset=\"https:\/\/friendshipcustoms-msm.com\/wp-content\/uploads\/2023\/03\/Untitled-design-21-300x300.png 300w, https:\/\/friendshipcustoms-msm.com\/wp-content\/uploads\/2023\/03\/Untitled-design-21-150x150.png 150w, https:\/\/friendshipcustoms-msm.com\/wp-content\/uploads\/2023\/03\/Untitled-design-21-768x768.png 768w, https:\/\/friendshipcustoms-msm.com\/wp-content\/uploads\/2023\/03\/Untitled-design-21.png 900w\" sizes=\"(max-width: 300px) 100vw, 300px\" \/>\t\t\t\t\t\t\t\t\t\t\t\t\t\t\t<\/div>\n\t\t\t\t<\/div>\n\t\t\t\t\t<\/div>\n\t\t<\/div>\n\t\t\t\t<div class=\"elementor-column elementor-col-25 elementor-top-column elementor-element elementor-element-1997b58\" data-id=\"1997b58\" data-element_type=\"column\">\n\t\t\t<div class=\"elementor-widget-wrap elementor-element-populated\">\n\t\t\t\t\t\t\t\t<div class=\"elementor-element elementor-element-5e80156 elementor-widget elementor-widget-image\" data-id=\"5e80156\" data-element_type=\"widget\" data-widget_type=\"image.default\">\n\t\t\t\t<div class=\"elementor-widget-container\">\n\t\t\t\t\t\t\t\t\t\t\t\t\t\t\t<img decoding=\"async\" width=\"300\" height=\"300\" src=\"https:\/\/friendshipcustoms-msm.com\/wp-content\/uploads\/2023\/03\/Untitled-design-22-300x300.png\" class=\"attachment-medium size-medium wp-image-212\" alt=\"\" srcset=\"https:\/\/friendshipcustoms-msm.com\/wp-content\/uploads\/2023\/03\/Untitled-design-22-300x300.png 300w, https:\/\/friendshipcustoms-msm.com\/wp-content\/uploads\/2023\/03\/Untitled-design-22-150x150.png 150w, https:\/\/friendshipcustoms-msm.com\/wp-content\/uploads\/2023\/03\/Untitled-design-22-768x768.png 768w, https:\/\/friendshipcustoms-msm.com\/wp-content\/uploads\/2023\/03\/Untitled-design-22.png 900w\" sizes=\"(max-width: 300px) 100vw, 300px\" \/>\t\t\t\t\t\t\t\t\t\t\t\t\t\t\t<\/div>\n\t\t\t\t<\/div>\n\t\t\t\t\t<\/div>\n\t\t<\/div>\n\t\t\t\t<div class=\"elementor-column elementor-col-25 elementor-top-column elementor-element elementor-element-2646b77\" data-id=\"2646b77\" data-element_type=\"column\">\n\t\t\t<div class=\"elementor-widget-wrap elementor-element-populated\">\n\t\t\t\t\t\t\t\t<div class=\"elementor-element elementor-element-872790a elementor-widget elementor-widget-image\" data-id=\"872790a\" data-element_type=\"widget\" data-widget_type=\"image.default\">\n\t\t\t\t<div class=\"elementor-widget-container\">\n\t\t\t\t\t\t\t\t\t\t\t\t\t\t\t<img loading=\"lazy\" decoding=\"async\" width=\"300\" height=\"300\" src=\"https:\/\/friendshipcustoms-msm.com\/wp-content\/uploads\/2023\/03\/Untitled-design-23-300x300.png\" class=\"attachment-medium size-medium wp-image-213\" alt=\"\" srcset=\"https:\/\/friendshipcustoms-msm.com\/wp-content\/uploads\/2023\/03\/Untitled-design-23-300x300.png 300w, https:\/\/friendshipcustoms-msm.com\/wp-content\/uploads\/2023\/03\/Untitled-design-23-150x150.png 150w, https:\/\/friendshipcustoms-msm.com\/wp-content\/uploads\/2023\/03\/Untitled-design-23-768x768.png 768w, https:\/\/friendshipcustoms-msm.com\/wp-content\/uploads\/2023\/03\/Untitled-design-23.png 900w\" sizes=\"(max-width: 300px) 100vw, 300px\" \/>\t\t\t\t\t\t\t\t\t\t\t\t\t\t\t<\/div>\n\t\t\t\t<\/div>\n\t\t\t\t\t<\/div>\n\t\t<\/div>\n\t\t\t\t<div class=\"elementor-column elementor-col-25 elementor-top-column elementor-element elementor-element-fd1de75\" data-id=\"fd1de75\" data-element_type=\"column\">\n\t\t\t<div class=\"elementor-widget-wrap elementor-element-populated\">\n\t\t\t\t\t\t\t\t<div class=\"elementor-element elementor-element-4e716d8 elementor-widget elementor-widget-image\" data-id=\"4e716d8\" data-element_type=\"widget\" data-widget_type=\"image.default\">\n\t\t\t\t<div class=\"elementor-widget-container\">\n\t\t\t\t\t\t\t\t\t\t\t\t\t\t\t<img loading=\"lazy\" decoding=\"async\" width=\"300\" height=\"300\" src=\"https:\/\/friendshipcustoms-msm.com\/wp-content\/uploads\/2023\/03\/Untitled-design-24-300x300.png\" class=\"attachment-medium size-medium wp-image-214\" alt=\"\" srcset=\"https:\/\/friendshipcustoms-msm.com\/wp-content\/uploads\/2023\/03\/Untitled-design-24-300x300.png 300w, https:\/\/friendshipcustoms-msm.com\/wp-content\/uploads\/2023\/03\/Untitled-design-24-150x150.png 150w, https:\/\/friendshipcustoms-msm.com\/wp-content\/uploads\/2023\/03\/Untitled-design-24-768x768.png 768w, https:\/\/friendshipcustoms-msm.com\/wp-content\/uploads\/2023\/03\/Untitled-design-24.png 900w\" sizes=\"(max-width: 300px) 100vw, 300px\" \/>\t\t\t\t\t\t\t\t\t\t\t\t\t\t\t<\/div>\n\t\t\t\t<\/div>\n\t\t\t\t\t<\/div>\n\t\t<\/div>\n\t\t\t\t\t\t\t<\/div>\n\t\t<\/section>\n\t\t\t\t<section class=\"elementor-section elementor-top-section elementor-element elementor-element-9426c98 elementor-section-boxed elementor-section-height-default elementor-section-height-default\" data-id=\"9426c98\" data-element_type=\"section\">\n\t\t\t\t\t\t<div class=\"elementor-container elementor-column-gap-default\">\n\t\t\t\t\t<div class=\"elementor-column elementor-col-100 elementor-top-column elementor-element elementor-element-aa32a02\" data-id=\"aa32a02\" data-element_type=\"column\">\n\t\t\t<div class=\"elementor-widget-wrap elementor-element-populated\">\n\t\t\t\t\t\t\t\t<div class=\"elementor-element elementor-element-560debe elementor-arrows-position-inside elementor-pagination-position-outside elementor-widget elementor-widget-image-carousel\" data-id=\"560debe\" data-element_type=\"widget\" data-settings=\"{&quot;slides_to_show&quot;:&quot;3&quot;,&quot;navigation&quot;:&quot;both&quot;,&quot;autoplay&quot;:&quot;yes&quot;,&quot;pause_on_hover&quot;:&quot;yes&quot;,&quot;pause_on_interaction&quot;:&quot;yes&quot;,&quot;autoplay_speed&quot;:5000,&quot;infinite&quot;:&quot;yes&quot;,&quot;speed&quot;:500}\" data-widget_type=\"image-carousel.default\">\n\t\t\t\t<div class=\"elementor-widget-container\">\n\t\t\t<style>\/*! elementor - v3.18.0 - 20-12-2023 *\/\n.elementor-widget-image-carousel .swiper,.elementor-widget-image-carousel .swiper-container{position:static}.elementor-widget-image-carousel .swiper-container .swiper-slide figure,.elementor-widget-image-carousel .swiper .swiper-slide figure{line-height:inherit}.elementor-widget-image-carousel .swiper-slide{text-align:center}.elementor-image-carousel-wrapper:not(.swiper-container-initialized):not(.swiper-initialized) .swiper-slide{max-width:calc(100% \/ var(--e-image-carousel-slides-to-show, 3))}<\/style>\t\t<div class=\"elementor-image-carousel-wrapper swiper\" dir=\"ltr\">\n\t\t\t<div class=\"elementor-image-carousel swiper-wrapper\" aria-live=\"off\">\n\t\t\t\t\t\t\t\t<div class=\"swiper-slide\" role=\"group\" aria-roledescription=\"slide\" aria-label=\"1 of 7\"><figure class=\"swiper-slide-inner\"><img decoding=\"async\" class=\"swiper-slide-image\" src=\"https:\/\/friendshipcustoms-msm.com\/wp-content\/uploads\/2023\/03\/Untitled-design-20-300x300.png\" alt=\"Untitled design (20)\" \/><\/figure><\/div><div class=\"swiper-slide\" role=\"group\" aria-roledescription=\"slide\" aria-label=\"2 of 7\"><figure class=\"swiper-slide-inner\"><img decoding=\"async\" class=\"swiper-slide-image\" src=\"https:\/\/friendshipcustoms-msm.com\/wp-content\/uploads\/2023\/03\/Untitled-design-19-300x300.png\" alt=\"Untitled design (19)\" \/><\/figure><\/div><div class=\"swiper-slide\" role=\"group\" aria-roledescription=\"slide\" aria-label=\"3 of 7\"><figure class=\"swiper-slide-inner\"><img decoding=\"async\" class=\"swiper-slide-image\" src=\"https:\/\/friendshipcustoms-msm.com\/wp-content\/uploads\/2023\/03\/Untitled-design-18-300x300.png\" alt=\"Untitled design (18)\" \/><\/figure><\/div><div class=\"swiper-slide\" role=\"group\" aria-roledescription=\"slide\" aria-label=\"4 of 7\"><figure class=\"swiper-slide-inner\"><img decoding=\"async\" class=\"swiper-slide-image\" src=\"https:\/\/friendshipcustoms-msm.com\/wp-content\/uploads\/2023\/03\/Untitled-design-17-300x300.png\" alt=\"Untitled design (17)\" \/><\/figure><\/div><div class=\"swiper-slide\" role=\"group\" aria-roledescription=\"slide\" aria-label=\"5 of 7\"><figure class=\"swiper-slide-inner\"><img decoding=\"async\" class=\"swiper-slide-image\" src=\"https:\/\/friendshipcustoms-msm.com\/wp-content\/uploads\/2023\/03\/Untitled-design-15-300x300.png\" alt=\"Untitled design (15)\" \/><\/figure><\/div><div class=\"swiper-slide\" role=\"group\" aria-roledescription=\"slide\" aria-label=\"6 of 7\"><figure class=\"swiper-slide-inner\"><img decoding=\"async\" class=\"swiper-slide-image\" src=\"https:\/\/friendshipcustoms-msm.com\/wp-content\/uploads\/2023\/03\/Untitled-design-14-300x300.png\" alt=\"Untitled design (14)\" \/><\/figure><\/div><div class=\"swiper-slide\" role=\"group\" aria-roledescription=\"slide\" aria-label=\"7 of 7\"><figure class=\"swiper-slide-inner\"><img decoding=\"async\" class=\"swiper-slide-image\" src=\"https:\/\/friendshipcustoms-msm.com\/wp-content\/uploads\/2023\/03\/Untitled-design-13-300x300.png\" alt=\"Untitled design (13)\" \/><\/figure><\/div>\t\t\t<\/div>\n\t\t\t\t\t\t\t\t\t\t\t\t<div class=\"elementor-swiper-button elementor-swiper-button-prev\" role=\"button\" tabindex=\"0\">\n\t\t\t\t\t\t<i aria-hidden=\"true\" class=\"eicon-chevron-left\"><\/i>\t\t\t\t\t<\/div>\n\t\t\t\t\t<div class=\"elementor-swiper-button elementor-swiper-button-next\" role=\"button\" tabindex=\"0\">\n\t\t\t\t\t\t<i aria-hidden=\"true\" class=\"eicon-chevron-right\"><\/i>\t\t\t\t\t<\/div>\n\t\t\t\t\n\t\t\t\t\t\t\t\t\t<div class=\"swiper-pagination\"><\/div>\n\t\t\t\t\t\t\t\t\t<\/div>\n\t\t\t\t<\/div>\n\t\t\t\t<\/div>\n\t\t\t\t\t<\/div>\n\t\t<\/div>\n\t\t\t\t\t\t\t<\/div>\n\t\t<\/section>\n\t\t\t\t<section class=\"elementor-section elementor-top-section elementor-element elementor-element-0936856 elementor-section-boxed elementor-section-height-default elementor-section-height-default\" data-id=\"0936856\" data-element_type=\"section\">\n\t\t\t\t\t\t<div class=\"elementor-container elementor-column-gap-default\">\n\t\t\t\t\t<div class=\"elementor-column elementor-col-100 elementor-top-column elementor-element elementor-element-3c83439\" data-id=\"3c83439\" data-element_type=\"column\">\n\t\t\t<div class=\"elementor-widget-wrap elementor-element-populated\">\n\t\t\t\t\t\t\t\t<div class=\"elementor-element elementor-element-e6b706e elementor-widget-divider--view-line elementor-widget elementor-widget-divider\" data-id=\"e6b706e\" data-element_type=\"widget\" data-widget_type=\"divider.default\">\n\t\t\t\t<div class=\"elementor-widget-container\">\n\t\t\t<style>\/*! elementor - v3.18.0 - 20-12-2023 *\/\n.elementor-widget-divider{--divider-border-style:none;--divider-border-width:1px;--divider-color:#0c0d0e;--divider-icon-size:20px;--divider-element-spacing:10px;--divider-pattern-height:24px;--divider-pattern-size:20px;--divider-pattern-url:none;--divider-pattern-repeat:repeat-x}.elementor-widget-divider .elementor-divider{display:flex}.elementor-widget-divider .elementor-divider__text{font-size:15px;line-height:1;max-width:95%}.elementor-widget-divider .elementor-divider__element{margin:0 var(--divider-element-spacing);flex-shrink:0}.elementor-widget-divider .elementor-icon{font-size:var(--divider-icon-size)}.elementor-widget-divider .elementor-divider-separator{display:flex;margin:0;direction:ltr}.elementor-widget-divider--view-line_icon .elementor-divider-separator,.elementor-widget-divider--view-line_text .elementor-divider-separator{align-items:center}.elementor-widget-divider--view-line_icon .elementor-divider-separator:after,.elementor-widget-divider--view-line_icon .elementor-divider-separator:before,.elementor-widget-divider--view-line_text .elementor-divider-separator:after,.elementor-widget-divider--view-line_text .elementor-divider-separator:before{display:block;content:\"\";border-bottom:0;flex-grow:1;border-top:var(--divider-border-width) var(--divider-border-style) var(--divider-color)}.elementor-widget-divider--element-align-left .elementor-divider .elementor-divider-separator>.elementor-divider__svg:first-of-type{flex-grow:0;flex-shrink:100}.elementor-widget-divider--element-align-left .elementor-divider-separator:before{content:none}.elementor-widget-divider--element-align-left .elementor-divider__element{margin-left:0}.elementor-widget-divider--element-align-right .elementor-divider .elementor-divider-separator>.elementor-divider__svg:last-of-type{flex-grow:0;flex-shrink:100}.elementor-widget-divider--element-align-right .elementor-divider-separator:after{content:none}.elementor-widget-divider--element-align-right .elementor-divider__element{margin-right:0}.elementor-widget-divider:not(.elementor-widget-divider--view-line_text):not(.elementor-widget-divider--view-line_icon) .elementor-divider-separator{border-top:var(--divider-border-width) var(--divider-border-style) var(--divider-color)}.elementor-widget-divider--separator-type-pattern{--divider-border-style:none}.elementor-widget-divider--separator-type-pattern.elementor-widget-divider--view-line .elementor-divider-separator,.elementor-widget-divider--separator-type-pattern:not(.elementor-widget-divider--view-line) .elementor-divider-separator:after,.elementor-widget-divider--separator-type-pattern:not(.elementor-widget-divider--view-line) .elementor-divider-separator:before,.elementor-widget-divider--separator-type-pattern:not([class*=elementor-widget-divider--view]) .elementor-divider-separator{width:100%;min-height:var(--divider-pattern-height);-webkit-mask-size:var(--divider-pattern-size) 100%;mask-size:var(--divider-pattern-size) 100%;-webkit-mask-repeat:var(--divider-pattern-repeat);mask-repeat:var(--divider-pattern-repeat);background-color:var(--divider-color);-webkit-mask-image:var(--divider-pattern-url);mask-image:var(--divider-pattern-url)}.elementor-widget-divider--no-spacing{--divider-pattern-size:auto}.elementor-widget-divider--bg-round{--divider-pattern-repeat:round}.rtl .elementor-widget-divider .elementor-divider__text{direction:rtl}.e-con-inner>.elementor-widget-divider,.e-con>.elementor-widget-divider{width:var(--container-widget-width,100%);--flex-grow:var(--container-widget-flex-grow)}<\/style>\t\t<div class=\"elementor-divider\">\n\t\t\t<span class=\"elementor-divider-separator\">\n\t\t\t\t\t\t<\/span>\n\t\t<\/div>\n\t\t\t\t<\/div>\n\t\t\t\t<\/div>\n\t\t\t\t\t<\/div>\n\t\t<\/div>\n\t\t\t\t\t\t\t<\/div>\n\t\t<\/section>\n\t\t\t\t<section class=\"elementor-section elementor-top-section elementor-element elementor-element-4853873 elementor-section-boxed elementor-section-height-default elementor-section-height-default\" data-id=\"4853873\" data-element_type=\"section\">\n\t\t\t\t\t\t<div class=\"elementor-container elementor-column-gap-default\">\n\t\t\t\t\t<div class=\"elementor-column elementor-col-100 elementor-top-column elementor-element elementor-element-d4a2f39\" data-id=\"d4a2f39\" data-element_type=\"column\">\n\t\t\t<div class=\"elementor-widget-wrap elementor-element-populated\">\n\t\t\t\t\t\t\t\t<section class=\"elementor-section elementor-inner-section elementor-element elementor-element-46da248 elementor-section-boxed elementor-section-height-default elementor-section-height-default\" data-id=\"46da248\" data-element_type=\"section\">\n\t\t\t\t\t\t<div class=\"elementor-container elementor-column-gap-default\">\n\t\t\t\t\t<div class=\"elementor-column elementor-col-50 elementor-inner-column elementor-element elementor-element-de6e07b\" data-id=\"de6e07b\" data-element_type=\"column\">\n\t\t\t<div class=\"elementor-widget-wrap elementor-element-populated\">\n\t\t\t\t\t\t\t\t<div class=\"elementor-element elementor-element-d2c5a58 elementor-widget elementor-widget-text-editor\" data-id=\"d2c5a58\" data-element_type=\"widget\" data-widget_type=\"text-editor.default\">\n\t\t\t\t<div class=\"elementor-widget-container\">\n\t\t\t\t\t\t\t<p>\u00a0 \u00a0 \u00a0 \u00a0 \u00a0 \u00a0 \u00a0 \u00a0<\/p><p>\u00a0 \u00a0 \u00a0 \u00a0 \u00a0KONTAKT\u00a0<\/p><p>\u00a0 \u00a0 admin@msmcustom.com<\/p><p>\u00a0 \u00a0 +355 694055601<\/p><p>\u00a0 \u00a0 \u00a0+355 682073521<\/p><p>\u00a0 \u00a0 \u00a0Zyra Qendrore, Terminali Doganor i Tiranes<\/p>\t\t\t\t\t\t<\/div>\n\t\t\t\t<\/div>\n\t\t\t\t\t<\/div>\n\t\t<\/div>\n\t\t\t\t<div class=\"elementor-column elementor-col-50 elementor-inner-column elementor-element elementor-element-03e618b\" data-id=\"03e618b\" data-element_type=\"column\">\n\t\t\t<div class=\"elementor-widget-wrap elementor-element-populated\">\n\t\t\t\t\t\t\t\t<div class=\"elementor-element elementor-element-f1a172f elementor-widget elementor-widget-google_maps\" data-id=\"f1a172f\" data-element_type=\"widget\" data-widget_type=\"google_maps.default\">\n\t\t\t\t<div class=\"elementor-widget-container\">\n\t\t\t<style>\/*! elementor - v3.18.0 - 20-12-2023 *\/\n.elementor-widget-google_maps .elementor-widget-container{overflow:hidden}.elementor-widget-google_maps .elementor-custom-embed{line-height:0}.elementor-widget-google_maps iframe{height:300px}<\/style>\t\t<div class=\"elementor-custom-embed\">\n\t\t\t<iframe loading=\"lazy\"\n\t\t\t\t\tsrc=\"https:\/\/maps.google.com\/maps?q=Zyra%20Qendrore%20Terminali%20Doganor&#038;t=m&#038;z=10&#038;output=embed&#038;iwloc=near\"\n\t\t\t\t\ttitle=\"Zyra Qendrore Terminali Doganor\"\n\t\t\t\t\taria-label=\"Zyra Qendrore Terminali Doganor\"\n\t\t\t><\/iframe>\n\t\t<\/div>\n\t\t\t\t<\/div>\n\t\t\t\t<\/div>\n\t\t\t\t\t<\/div>\n\t\t<\/div>\n\t\t\t\t\t\t\t<\/div>\n\t\t<\/section>\n\t\t\t\t\t<\/div>\n\t\t<\/div>\n\t\t\t\t\t\t\t<\/div>\n\t\t<\/section>\n\t\t\t\t\t\t\t<\/div>\n\t\t","protected":false},"excerpt":{"rendered":"<p>\u201cFriendship Customs MSM\u201d lindi n\u00eb Durr\u00ebs, n\u00eb dhjetor t\u00eb vitit 2018 nga tre aksioner\u00eb t\u00eb cilat kan\u00eb qen\u00eb agjent\u00eb doganor\u00eb t\u00eb licensuar nga Drejtoria e P\u00ebrgjithshme e Doganave dhe aksioner\u00eb n\u00eb agjenci t\u00eb tjera doganore q\u00eb n\u00eb fillimet e viteve 90. P\u00ebrvoja dhe pjekuria e aksioner\u00ebve n\u00eb k\u00ebt\u00eb fush\u00eb e b\u00ebri m\u00eb t\u00eb leht\u00eb p\u00ebr [&hellip;]<\/p>\n","protected":false},"author":1,"featured_media":0,"parent":0,"menu_order":0,"comment_status":"closed","ping_status":"closed","template":"","meta":[],"_links":{"self":[{"href":"https:\/\/friendshipcustoms-msm.com\/index.php\/wp-json\/wp\/v2\/pages\/23"}],"collection":[{"href":"https:\/\/friendshipcustoms-msm.com\/index.php\/wp-json\/wp\/v2\/pages"}],"about":[{"href":"https:\/\/friendshipcustoms-msm.com\/index.php\/wp-json\/wp\/v2\/types\/page"}],"author":[{"embeddable":true,"href":"https:\/\/friendshipcustoms-msm.com\/index.php\/wp-json\/wp\/v2\/users\/1"}],"replies":[{"embeddable":true,"href":"https:\/\/friendshipcustoms-msm.com\/index.php\/wp-json\/wp\/v2\/comments?post=23"}],"version-history":[{"count":58,"href":"https:\/\/friendshipcustoms-msm.com\/index.php\/wp-json\/wp\/v2\/pages\/23\/revisions"}],"predecessor-version":[{"id":217,"href":"https:\/\/friendshipcustoms-msm.com\/index.php\/wp-json\/wp\/v2\/pages\/23\/revisions\/217"}],"wp:attachment":[{"href":"https:\/\/friendshipcustoms-msm.com\/index.php\/wp-json\/wp\/v2\/media?parent=23"}],"curies":[{"name":"wp","href":"https:\/\/api.w.org\/{rel}","templated":true}]}}