{"id":26,"date":"2023-03-13T05:07:42","date_gmt":"2023-03-13T05:07:42","guid":{"rendered":"https:\/\/friendshipcustoms-msm.com\/?page_id=26"},"modified":"2023-03-20T05:35:53","modified_gmt":"2023-03-20T05:35:53","slug":"rreth-nesh","status":"publish","type":"page","link":"https:\/\/friendshipcustoms-msm.com\/index.php\/rreth-nesh\/","title":{"rendered":"Rreth Nesh"},"content":{"rendered":"\t\t<div data-elementor-type=\"wp-page\" data-elementor-id=\"26\" class=\"elementor elementor-26\">\n\t\t\t\t\t\t\t\t\t<section class=\"elementor-section elementor-top-section elementor-element elementor-element-cb73b0d elementor-section-boxed elementor-section-height-default elementor-section-height-default\" data-id=\"cb73b0d\" data-element_type=\"section\">\n\t\t\t\t\t\t<div class=\"elementor-container elementor-column-gap-default\">\n\t\t\t\t\t<div class=\"elementor-column elementor-col-100 elementor-top-column elementor-element elementor-element-3497cd0\" data-id=\"3497cd0\" data-element_type=\"column\">\n\t\t\t<div class=\"elementor-widget-wrap elementor-element-populated\">\n\t\t\t\t\t\t\t\t<div class=\"elementor-element elementor-element-21b2ab6 elementor-widget elementor-widget-heading\" data-id=\"21b2ab6\" data-element_type=\"widget\" data-widget_type=\"heading.default\">\n\t\t\t\t<div class=\"elementor-widget-container\">\n\t\t\t<style>\/*! elementor - v3.18.0 - 20-12-2023 *\/\n.elementor-heading-title{padding:0;margin:0;line-height:1}.elementor-widget-heading .elementor-heading-title[class*=elementor-size-]>a{color:inherit;font-size:inherit;line-height:inherit}.elementor-widget-heading .elementor-heading-title.elementor-size-small{font-size:15px}.elementor-widget-heading .elementor-heading-title.elementor-size-medium{font-size:19px}.elementor-widget-heading .elementor-heading-title.elementor-size-large{font-size:29px}.elementor-widget-heading .elementor-heading-title.elementor-size-xl{font-size:39px}.elementor-widget-heading .elementor-heading-title.elementor-size-xxl{font-size:59px}<\/style><h2 class=\"elementor-heading-title elementor-size-default\">Friendship Customs<\/h2>\t\t<\/div>\n\t\t\t\t<\/div>\n\t\t\t\t<div class=\"elementor-element elementor-element-80a2305 elementor-widget elementor-widget-text-editor\" data-id=\"80a2305\" data-element_type=\"widget\" data-widget_type=\"text-editor.default\">\n\t\t\t\t<div class=\"elementor-widget-container\">\n\t\t\t<style>\/*! elementor - v3.18.0 - 20-12-2023 *\/\n.elementor-widget-text-editor.elementor-drop-cap-view-stacked .elementor-drop-cap{background-color:#69727d;color:#fff}.elementor-widget-text-editor.elementor-drop-cap-view-framed .elementor-drop-cap{color:#69727d;border:3px solid;background-color:transparent}.elementor-widget-text-editor:not(.elementor-drop-cap-view-default) .elementor-drop-cap{margin-top:8px}.elementor-widget-text-editor:not(.elementor-drop-cap-view-default) .elementor-drop-cap-letter{width:1em;height:1em}.elementor-widget-text-editor .elementor-drop-cap{float:left;text-align:center;line-height:1;font-size:50px}.elementor-widget-text-editor .elementor-drop-cap-letter{display:inline-block}<\/style>\t\t\t\t<p>Lindi n\u00eb Durr\u00ebs, n\u00eb dhjetor t\u00eb vitit 2018 nga tre aksioner\u00eb t\u00eb cil\u00ebt kan\u00eb qen\u00eb agjent\u00eb doganor\u00eb t\u00eb licensuar nga Drejtoria e P\u00ebrgjithshme e Doganave dhe aksioner\u00eb n\u00eb agjenci t\u00eb tjera doganore q\u00eb n\u00eb fillimet e viteve 90. P\u00ebrvoja dhe pjekuria e aksioner\u00ebve n\u00eb k\u00ebt\u00eb fush\u00eb e b\u00ebri m\u00eb t\u00eb leht\u00eb p\u00ebr agjencin\u00eb shtrirjen e aktivitetit n\u00eb rrethe. Nga viti 2018 e deri sot agjencia doganore \u201c Friendship Customs MSM \u201c ka rritur aktivitetin e saj duke shtuar deg\u00ebt dhe punonj\u00ebsit . Sot kjo agjenci punon n\u00eb 8 dege dhe ka 9 agjent\u00eb doganor t\u00eb licensuar nga Drejtoria e P\u00ebrgjithshme e Doganave shqiptare si dhe disa ndihm\u00ebs agjent\u00eb . Agjent\u00ebt doganor t\u00eb saj jan\u00eb t\u00eb kualifikuar, me eksperienc\u00eb disa vjecare dhe njoh\u00ebs t\u00eb mir\u00eb t\u00eb kodit doganor. Disa prej tyre jan\u00eb t\u00eb specializuar n\u00eb procedurat doganore t\u00eb fasoneve, t\u00eb tjer\u00eb n\u00eb cdoganimet e ngarkesave me shum\u00eb kode doganore, ngarkesa q\u00eb vijn\u00eb rifuxho me anije apo kontenier. Agjencia jon\u00eb ka n\u00eb portin e Durresit nj\u00eb filial t\u00eb dedikuar vet\u00ebm p\u00ebr cdoganimin e automjeteve me q\u00ebllimin e kryerjes s\u00eb sh\u00ebrbimeve shpejt dhe me kosto t\u00eb ul\u00ebt. Esht\u00eb pik\u00ebrisht eksperienca, kualifikimi,korrekt\u00ebsia dhe energjia pozitive e punonj\u00ebsve t\u00eb saj, krenaria dhe arma e fort\u00eb e Friendship Customs MSM.\u00a0<\/p><p>.Sot agjencia \u201cFriendship Customs MSM \u201c ka deg\u00ebt e saj n\u00eb:<\/p><ul><li>Durr\u00ebs<\/li><li>Tiran\u00eb<\/li><li>Qaf\u00eb Than\u00eb<\/li><li>Morin\u00eb<\/li><li>Tropoj\u00eb<\/li><li>\u00a0Qaf\u00eb Prush<\/li><li>Han i Hotit\u00a0<\/li><li>Bajz\u00eb\u00a0<\/li><\/ul>\t\t\t\t\t\t<\/div>\n\t\t\t\t<\/div>\n\t\t\t\t\t<\/div>\n\t\t<\/div>\n\t\t\t\t\t\t\t<\/div>\n\t\t<\/section>\n\t\t\t\t<section class=\"elementor-section elementor-top-section elementor-element elementor-element-29c75c5 elementor-section-boxed elementor-section-height-default elementor-section-height-default\" data-id=\"29c75c5\" data-element_type=\"section\">\n\t\t\t\t\t\t<div class=\"elementor-container elementor-column-gap-default\">\n\t\t\t\t\t<div class=\"elementor-column elementor-col-100 elementor-top-column elementor-element elementor-element-bc3c4e2\" data-id=\"bc3c4e2\" data-element_type=\"column\">\n\t\t\t<div class=\"elementor-widget-wrap elementor-element-populated\">\n\t\t\t\t\t\t\t\t<div class=\"elementor-element elementor-element-f2f5491 elementor-widget elementor-widget-html\" data-id=\"f2f5491\" data-element_type=\"widget\" data-widget_type=\"html.default\">\n\t\t\t\t<div class=\"elementor-widget-container\">\n\t\t\t<iframe src=\"https:\/\/www.google.com\/maps\/d\/embed?mid=1KEGnalXw4it8Ye_PJvRggizkdKmnESJj&ehbc=2E312F\" width=\"640\" height=\"480\"><\/iframe>\t\t<\/div>\n\t\t\t\t<\/div>\n\t\t\t\t\t<\/div>\n\t\t<\/div>\n\t\t\t\t\t\t\t<\/div>\n\t\t<\/section>\n\t\t\t\t<section class=\"elementor-section elementor-top-section elementor-element elementor-element-384e296 elementor-section-boxed elementor-section-height-default elementor-section-height-default\" data-id=\"384e296\" data-element_type=\"section\">\n\t\t\t\t\t\t<div class=\"elementor-container elementor-column-gap-default\">\n\t\t\t\t\t<div class=\"elementor-column elementor-col-100 elementor-top-column elementor-element elementor-element-d3ce37c\" data-id=\"d3ce37c\" data-element_type=\"column\">\n\t\t\t<div class=\"elementor-widget-wrap elementor-element-populated\">\n\t\t\t\t\t\t\t\t<div class=\"elementor-element elementor-element-0dd6c25 elementor-widget elementor-widget-text-editor\" data-id=\"0dd6c25\" data-element_type=\"widget\" data-widget_type=\"text-editor.default\">\n\t\t\t\t<div class=\"elementor-widget-container\">\n\t\t\t\t\t\t\t<p>Gjat\u00eb gjith\u00eb ekzistenc\u00ebs s\u00eb saj, Agjencia doganore \u201cFriendship Customs MSM \u201d ka treguar p\u00ebrkushtim, korrekt\u00ebsi dhe ka qen\u00eb nj\u00eb bashk\u00ebpun\u00ebtore e mir\u00eb, e Dogan\u00ebs Shqiptare nga nj\u00ebra an\u00eb dhe klient\u00ebve t\u00eb saj nga ana tjet\u00ebr. Agjencia doganore \u201c Friendship Customs MSM \u201c q\u00eb n\u00eb krijimin e saj u b\u00eb an\u00ebtare e Shoqat\u00ebs Komb\u00ebtare t\u00eb Agjent\u00ebve Doganor\u00eb Shqiptare dhe nj\u00eb prej aksioner\u00ebve t\u00eb saj u b\u00eb dhe an\u00ebtare e bordit drejtues t\u00eb k\u00ebsaj shoqate.\u00a0<\/p>\t\t\t\t\t\t<\/div>\n\t\t\t\t<\/div>\n\t\t\t\t\t<\/div>\n\t\t<\/div>\n\t\t\t\t\t\t\t<\/div>\n\t\t<\/section>\n\t\t\t\t<section class=\"elementor-section elementor-top-section elementor-element elementor-element-454b1f2 elementor-section-boxed elementor-section-height-default elementor-section-height-default\" data-id=\"454b1f2\" data-element_type=\"section\">\n\t\t\t\t\t\t<div class=\"elementor-container elementor-column-gap-default\">\n\t\t\t\t\t<div class=\"elementor-column elementor-col-100 elementor-top-column elementor-element elementor-element-f8fa8aa\" data-id=\"f8fa8aa\" data-element_type=\"column\">\n\t\t\t<div class=\"elementor-widget-wrap elementor-element-populated\">\n\t\t\t\t\t\t\t\t<div class=\"elementor-element elementor-element-cea6280 elementor-widget elementor-widget-heading\" data-id=\"cea6280\" data-element_type=\"widget\" data-widget_type=\"heading.default\">\n\t\t\t\t<div class=\"elementor-widget-container\">\n\t\t\t<h2 class=\"elementor-heading-title elementor-size-default\">MOTO<\/h2>\t\t<\/div>\n\t\t\t\t<\/div>\n\t\t\t\t<div class=\"elementor-element elementor-element-41ce1ff elementor-widget elementor-widget-text-editor\" data-id=\"41ce1ff\" data-element_type=\"widget\" data-widget_type=\"text-editor.default\">\n\t\t\t\t<div class=\"elementor-widget-container\">\n\t\t\t\t\t\t\t<p>&#8220;N\u00ebse Ne mund ti b\u00ebjm\u00eb gj\u00ebrat mir\u00eb, t\u00eb p\u00ebrpiqemi ti b\u00ebjm\u00eb ato m\u00eb mir\u00eb. T\u00eb jemi t\u00eb guximsh\u00ebm, t\u00eb jemi t\u00eb par\u00ebt, t\u00eb jemi ndryshe, t\u00eb jemi t\u00eb drejt\u00eb.&#8221;<\/p>\t\t\t\t\t\t<\/div>\n\t\t\t\t<\/div>\n\t\t\t\t\t<\/div>\n\t\t<\/div>\n\t\t\t\t\t\t\t<\/div>\n\t\t<\/section>\n\t\t\t\t<section class=\"elementor-section elementor-top-section elementor-element elementor-element-95948e0 elementor-section-boxed elementor-section-height-default elementor-section-height-default\" data-id=\"95948e0\" data-element_type=\"section\">\n\t\t\t\t\t\t<div class=\"elementor-container elementor-column-gap-default\">\n\t\t\t\t\t<div class=\"elementor-column elementor-col-100 elementor-top-column elementor-element elementor-element-2331e12\" data-id=\"2331e12\" data-element_type=\"column\">\n\t\t\t<div class=\"elementor-widget-wrap elementor-element-populated\">\n\t\t\t\t\t\t\t\t<div class=\"elementor-element elementor-element-4e1cb48 elementor-widget-divider--view-line elementor-widget elementor-widget-divider\" data-id=\"4e1cb48\" data-element_type=\"widget\" data-widget_type=\"divider.default\">\n\t\t\t\t<div class=\"elementor-widget-container\">\n\t\t\t<style>\/*! elementor - v3.18.0 - 20-12-2023 *\/\n.elementor-widget-divider{--divider-border-style:none;--divider-border-width:1px;--divider-color:#0c0d0e;--divider-icon-size:20px;--divider-element-spacing:10px;--divider-pattern-height:24px;--divider-pattern-size:20px;--divider-pattern-url:none;--divider-pattern-repeat:repeat-x}.elementor-widget-divider .elementor-divider{display:flex}.elementor-widget-divider .elementor-divider__text{font-size:15px;line-height:1;max-width:95%}.elementor-widget-divider .elementor-divider__element{margin:0 var(--divider-element-spacing);flex-shrink:0}.elementor-widget-divider .elementor-icon{font-size:var(--divider-icon-size)}.elementor-widget-divider .elementor-divider-separator{display:flex;margin:0;direction:ltr}.elementor-widget-divider--view-line_icon .elementor-divider-separator,.elementor-widget-divider--view-line_text .elementor-divider-separator{align-items:center}.elementor-widget-divider--view-line_icon .elementor-divider-separator:after,.elementor-widget-divider--view-line_icon .elementor-divider-separator:before,.elementor-widget-divider--view-line_text .elementor-divider-separator:after,.elementor-widget-divider--view-line_text .elementor-divider-separator:before{display:block;content:\"\";border-bottom:0;flex-grow:1;border-top:var(--divider-border-width) var(--divider-border-style) var(--divider-color)}.elementor-widget-divider--element-align-left .elementor-divider .elementor-divider-separator>.elementor-divider__svg:first-of-type{flex-grow:0;flex-shrink:100}.elementor-widget-divider--element-align-left .elementor-divider-separator:before{content:none}.elementor-widget-divider--element-align-left .elementor-divider__element{margin-left:0}.elementor-widget-divider--element-align-right .elementor-divider .elementor-divider-separator>.elementor-divider__svg:last-of-type{flex-grow:0;flex-shrink:100}.elementor-widget-divider--element-align-right .elementor-divider-separator:after{content:none}.elementor-widget-divider--element-align-right .elementor-divider__element{margin-right:0}.elementor-widget-divider:not(.elementor-widget-divider--view-line_text):not(.elementor-widget-divider--view-line_icon) .elementor-divider-separator{border-top:var(--divider-border-width) var(--divider-border-style) var(--divider-color)}.elementor-widget-divider--separator-type-pattern{--divider-border-style:none}.elementor-widget-divider--separator-type-pattern.elementor-widget-divider--view-line .elementor-divider-separator,.elementor-widget-divider--separator-type-pattern:not(.elementor-widget-divider--view-line) .elementor-divider-separator:after,.elementor-widget-divider--separator-type-pattern:not(.elementor-widget-divider--view-line) .elementor-divider-separator:before,.elementor-widget-divider--separator-type-pattern:not([class*=elementor-widget-divider--view]) .elementor-divider-separator{width:100%;min-height:var(--divider-pattern-height);-webkit-mask-size:var(--divider-pattern-size) 100%;mask-size:var(--divider-pattern-size) 100%;-webkit-mask-repeat:var(--divider-pattern-repeat);mask-repeat:var(--divider-pattern-repeat);background-color:var(--divider-color);-webkit-mask-image:var(--divider-pattern-url);mask-image:var(--divider-pattern-url)}.elementor-widget-divider--no-spacing{--divider-pattern-size:auto}.elementor-widget-divider--bg-round{--divider-pattern-repeat:round}.rtl .elementor-widget-divider .elementor-divider__text{direction:rtl}.e-con-inner>.elementor-widget-divider,.e-con>.elementor-widget-divider{width:var(--container-widget-width,100%);--flex-grow:var(--container-widget-flex-grow)}<\/style>\t\t<div class=\"elementor-divider\">\n\t\t\t<span class=\"elementor-divider-separator\">\n\t\t\t\t\t\t<\/span>\n\t\t<\/div>\n\t\t\t\t<\/div>\n\t\t\t\t<\/div>\n\t\t\t\t\t<\/div>\n\t\t<\/div>\n\t\t\t\t\t\t\t<\/div>\n\t\t<\/section>\n\t\t\t\t<section class=\"elementor-section elementor-top-section elementor-element elementor-element-b6e8511 elementor-section-boxed elementor-section-height-default elementor-section-height-default\" data-id=\"b6e8511\" data-element_type=\"section\">\n\t\t\t\t\t\t<div class=\"elementor-container elementor-column-gap-default\">\n\t\t\t\t\t<div class=\"elementor-column elementor-col-50 elementor-top-column elementor-element elementor-element-9baf46c\" data-id=\"9baf46c\" data-element_type=\"column\">\n\t\t\t<div class=\"elementor-widget-wrap elementor-element-populated\">\n\t\t\t\t\t\t\t\t<div class=\"elementor-element elementor-element-23d27a9 elementor-widget elementor-widget-text-editor\" data-id=\"23d27a9\" data-element_type=\"widget\" data-widget_type=\"text-editor.default\">\n\t\t\t\t<div class=\"elementor-widget-container\">\n\t\t\t\t\t\t\t<p>\u00a0 \u00a0 \u00a0 \u00a0 \u00a0 \u00a0 \u00a0 \u00a0<\/p><p>\u00a0 \u00a0 \u00a0 \u00a0 \u00a0KONTAKT\u00a0<\/p><p>\u00a0 \u00a0 admin@msmcustom.com<\/p><p>\u00a0 \u00a0 +355 694055601<\/p><p>\u00a0 \u00a0 \u00a0+355 682073521<\/p><p>\u00a0 \u00a0 \u00a0Zyra Qendrore, Terminali Doganor i Tiranes<\/p>\t\t\t\t\t\t<\/div>\n\t\t\t\t<\/div>\n\t\t\t\t\t<\/div>\n\t\t<\/div>\n\t\t\t\t<div class=\"elementor-column elementor-col-50 elementor-top-column elementor-element elementor-element-2290245\" data-id=\"2290245\" data-element_type=\"column\">\n\t\t\t<div class=\"elementor-widget-wrap elementor-element-populated\">\n\t\t\t\t\t\t\t\t<div class=\"elementor-element elementor-element-5e9596a elementor-widget elementor-widget-google_maps\" data-id=\"5e9596a\" data-element_type=\"widget\" data-widget_type=\"google_maps.default\">\n\t\t\t\t<div class=\"elementor-widget-container\">\n\t\t\t<style>\/*! elementor - v3.18.0 - 20-12-2023 *\/\n.elementor-widget-google_maps .elementor-widget-container{overflow:hidden}.elementor-widget-google_maps .elementor-custom-embed{line-height:0}.elementor-widget-google_maps iframe{height:300px}<\/style>\t\t<div class=\"elementor-custom-embed\">\n\t\t\t<iframe loading=\"lazy\"\n\t\t\t\t\tsrc=\"https:\/\/maps.google.com\/maps?q=Zyra%20Qendrore%20Terminali%20Doganor%20Vor&#038;t=m&#038;z=10&#038;output=embed&#038;iwloc=near\"\n\t\t\t\t\ttitle=\"Zyra Qendrore Terminali Doganor Vor\"\n\t\t\t\t\taria-label=\"Zyra Qendrore Terminali Doganor Vor\"\n\t\t\t><\/iframe>\n\t\t<\/div>\n\t\t\t\t<\/div>\n\t\t\t\t<\/div>\n\t\t\t\t\t<\/div>\n\t\t<\/div>\n\t\t\t\t\t\t\t<\/div>\n\t\t<\/section>\n\t\t\t\t\t\t\t<\/div>\n\t\t","protected":false},"excerpt":{"rendered":"<p>Friendship Customs Lindi n\u00eb Durr\u00ebs, n\u00eb dhjetor t\u00eb vitit 2018 nga tre aksioner\u00eb t\u00eb cil\u00ebt kan\u00eb qen\u00eb agjent\u00eb doganor\u00eb t\u00eb licensuar nga Drejtoria e P\u00ebrgjithshme e Doganave dhe aksioner\u00eb n\u00eb agjenci t\u00eb tjera doganore q\u00eb n\u00eb fillimet e viteve 90. P\u00ebrvoja dhe pjekuria e aksioner\u00ebve n\u00eb k\u00ebt\u00eb fush\u00eb e b\u00ebri m\u00eb t\u00eb leht\u00eb p\u00ebr agjencin\u00eb [&hellip;]<\/p>\n","protected":false},"author":1,"featured_media":0,"parent":0,"menu_order":0,"comment_status":"closed","ping_status":"closed","template":"","meta":[],"_links":{"self":[{"href":"https:\/\/friendshipcustoms-msm.com\/index.php\/wp-json\/wp\/v2\/pages\/26"}],"collection":[{"href":"https:\/\/friendshipcustoms-msm.com\/index.php\/wp-json\/wp\/v2\/pages"}],"about":[{"href":"https:\/\/friendshipcustoms-msm.com\/index.php\/wp-json\/wp\/v2\/types\/page"}],"author":[{"embeddable":true,"href":"https:\/\/friendshipcustoms-msm.com\/index.php\/wp-json\/wp\/v2\/users\/1"}],"replies":[{"embeddable":true,"href":"https:\/\/friendshipcustoms-msm.com\/index.php\/wp-json\/wp\/v2\/comments?post=26"}],"version-history":[{"count":7,"href":"https:\/\/friendshipcustoms-msm.com\/index.php\/wp-json\/wp\/v2\/pages\/26\/revisions"}],"predecessor-version":[{"id":190,"href":"https:\/\/friendshipcustoms-msm.com\/index.php\/wp-json\/wp\/v2\/pages\/26\/revisions\/190"}],"wp:attachment":[{"href":"https:\/\/friendshipcustoms-msm.com\/index.php\/wp-json\/wp\/v2\/media?parent=26"}],"curies":[{"name":"wp","href":"https:\/\/api.w.org\/{rel}","templated":true}]}}